{"id":35,"date":"2018-06-28T12:16:44","date_gmt":"2018-06-28T12:16:44","guid":{"rendered":"https:\/\/themes.getmotopress.com\/mountainview\/?page_id=35"},"modified":"2025-02-16T12:14:56","modified_gmt":"2025-02-16T12:14:56","slug":"home","status":"publish","type":"page","link":"https:\/\/paradies-brunnen.ch\/","title":{"rendered":"Home"},"content":{"rendered":"<h2>In Brunnen wohnt es sich ganz einfach, spontan, und gemeinsam<\/h2>\n<p><img loading=\"lazy\" decoding=\"async\" data-attachment-id=\"36\" data-permalink=\"https:\/\/paradies-brunnen.ch\/?attachment_id=36\" data-orig-file=\"https:\/\/paradies-brunnen.ch\/wp-content\/uploads\/2018\/06\/welcome_image.jpg\" data-orig-size=\"2560,1698\" data-comments-opened=\"1\" data-image-meta=\"{&quot;aperture&quot;:&quot;0&quot;,&quot;credit&quot;:&quot;&quot;,&quot;camera&quot;:&quot;&quot;,&quot;caption&quot;:&quot;&quot;,&quot;created_timestamp&quot;:&quot;0&quot;,&quot;copyright&quot;:&quot;&quot;,&quot;focal_length&quot;:&quot;0&quot;,&quot;iso&quot;:&quot;0&quot;,&quot;shutter_speed&quot;:&quot;0&quot;,&quot;title&quot;:&quot;&quot;,&quot;orientation&quot;:&quot;0&quot;}\" data-image-title=\"welcome_image\" data-image-description=\"\" data-image-caption=\"\" data-medium-file=\"https:\/\/paradies-brunnen.ch\/wp-content\/uploads\/2018\/06\/welcome_image-300x199.jpg\" data-large-file=\"https:\/\/paradies-brunnen.ch\/wp-content\/uploads\/2018\/06\/welcome_image-1024x679.jpg\" class=\"alignleft size-medium wp-image-36\" src=\"https:\/\/themes.getmotopress.com\/mountainview\/wp-content\/uploads\/sites\/18\/2018\/06\/welcome_image-300x199.jpg\" alt=\"\" width=\"300\" height=\"199\" srcset=\"https:\/\/paradies-brunnen.ch\/wp-content\/uploads\/2018\/06\/welcome_image-300x199.jpg 300w, https:\/\/paradies-brunnen.ch\/wp-content\/uploads\/2018\/06\/welcome_image-1024x679.jpg 1024w, https:\/\/paradies-brunnen.ch\/wp-content\/uploads\/2018\/06\/welcome_image-768x509.jpg 768w, https:\/\/paradies-brunnen.ch\/wp-content\/uploads\/2018\/06\/welcome_image-1536x1019.jpg 1536w, https:\/\/paradies-brunnen.ch\/wp-content\/uploads\/2018\/06\/welcome_image-2048x1358.jpg 2048w, https:\/\/paradies-brunnen.ch\/wp-content\/uploads\/2018\/06\/welcome_image-800x531.jpg 800w, https:\/\/paradies-brunnen.ch\/wp-content\/uploads\/2018\/06\/welcome_image-1516x1006.jpg 1516w, https:\/\/paradies-brunnen.ch\/wp-content\/uploads\/2018\/06\/welcome_image-924x616.jpg 924w, https:\/\/paradies-brunnen.ch\/wp-content\/uploads\/2018\/06\/welcome_image-150x100.jpg 150w\" sizes=\"auto, (max-width: 300px) 100vw, 300px\" \/>&#171;Das ehemalige Paradies in Brunnen wird k\u00fcnftig zu einem Ort des gemeinschaftlichen Wohnens. Inmitten der malerischen Natur entsteht ein einzigartiges Zuhause, das Raum f\u00fcr Gemeinschaft, Austausch und nachhaltiges Leben bietet. Hier verbinden sich moderne Wohnkonzepte mit einer starken sozialen Vision. Gemeinsam schaffen wir einen Ort, an dem Menschen in respektvollem Miteinander leben und sich gegenseitig unterst\u00fctzen k\u00f6nnen. Ein Paradies f\u00fcr die Zukunft \u2013 offen, lebendig und nachhaltig.&#187;<\/p>\n","protected":false},"excerpt":{"rendered":"<p>In Brunnen wohnt es sich ganz einfach, spontan, und gemeinsam &#171;Das ehemalige Paradies in Brunnen wird k\u00fcnftig zu einem Ort des gemeinschaftlichen Wohnens. Inmitten der malerischen Natur entsteht ein einzigartiges Zuhause, das Raum f\u00fcr Gemeinschaft, Austausch und nachhaltiges Leben bietet. Hier verbinden sich moderne Wohnkonzepte mit einer starken sozialen Vision. Gemeinsam schaffen wir einen Ort, [&hellip;]<\/p>\n","protected":false},"author":1,"featured_media":37,"parent":0,"menu_order":0,"comment_status":"closed","ping_status":"closed","template":"template-front-page.php","meta":{"inline_featured_image":false,"footnotes":""},"class_list":["post-35","page","type-page","status-publish","has-post-thumbnail","hentry"],"jetpack_sharing_enabled":true,"_links":{"self":[{"href":"https:\/\/paradies-brunnen.ch\/index.php?rest_route=\/wp\/v2\/pages\/35","targetHints":{"allow":["GET"]}}],"collection":[{"href":"https:\/\/paradies-brunnen.ch\/index.php?rest_route=\/wp\/v2\/pages"}],"about":[{"href":"https:\/\/paradies-brunnen.ch\/index.php?rest_route=\/wp\/v2\/types\/page"}],"author":[{"embeddable":true,"href":"https:\/\/paradies-brunnen.ch\/index.php?rest_route=\/wp\/v2\/users\/1"}],"replies":[{"embeddable":true,"href":"https:\/\/paradies-brunnen.ch\/index.php?rest_route=%2Fwp%2Fv2%2Fcomments&post=35"}],"version-history":[{"count":2,"href":"https:\/\/paradies-brunnen.ch\/index.php?rest_route=\/wp\/v2\/pages\/35\/revisions"}],"predecessor-version":[{"id":396,"href":"https:\/\/paradies-brunnen.ch\/index.php?rest_route=\/wp\/v2\/pages\/35\/revisions\/396"}],"wp:featuredmedia":[{"embeddable":true,"href":"https:\/\/paradies-brunnen.ch\/index.php?rest_route=\/wp\/v2\/media\/37"}],"wp:attachment":[{"href":"https:\/\/paradies-brunnen.ch\/index.php?rest_route=%2Fwp%2Fv2%2Fmedia&parent=35"}],"curies":[{"name":"wp","href":"https:\/\/api.w.org\/{rel}","templated":true}]}}